{"id":910,"date":"2024-08-12T18:47:59","date_gmt":"2024-08-12T16:47:59","guid":{"rendered":"https:\/\/lavainilla.es\/?post_type=product&#038;p=910"},"modified":"2026-03-12T12:58:20","modified_gmt":"2026-03-12T11:58:20","slug":"caviar-vainilla-bourbon-madagascar","status":"publish","type":"product","link":"https:\/\/lavainilla.es\/en\/product\/caviar-vainilla-bourbon-madagascar\/","title":{"rendered":"Caviar Vainilla Bourbon Madagascar"},"content":{"rendered":"<h1>Semillas puras de aroma intenso para alta reposter\u00eda y helader\u00eda profesional.<\/h1>\n<table>\n<tbody>\n<tr>\n<td width=\"283\">Description<\/td>\n<td width=\"283\">Bourbon Vanilla Caviar<\/td>\n<\/tr>\n<tr>\n<td width=\"283\">Variety \/ Origin:<\/td>\n<td width=\"283\">Vanilla Pods, Bourbon Variety of Planifolia. Origin: Madagascar.<\/td>\n<\/tr>\n<tr>\n<td width=\"283\">Format \/ Net Weight:<\/td>\n<td width=\"283\">Vacuum-sealed bag. 1 kilogram<\/td>\n<\/tr>\n<h2>Aroma intenso<\/h2>\n<h3>Alta reposter\u00eda<\/h3>\n<tr>\n<td width=\"283\">Quality:<\/td>\n<td width=\"283\">Grade A ( Premium Vanilla )<\/td>\n<\/tr>\n<tr>\n<td width=\"283\">Moisture:<\/td>\n<td width=\"283\">&gt;10 %<\/td>\n<\/tr>\n<tr>\n<td width=\"283\">Vanillin:<\/td>\n<td width=\"283\">1%+ (UV\/VIS M\u00e9todo)<\/td>\n<\/tr>\n<tr>\n<td colspan=\"2\" width=\"566\"><strong>Microbiological Determination<\/strong><\/td>\n<\/tr>\n<tr>\n<td width=\"283\">&nbsp;<\/p>\n<p>E. Coli<\/p>\n<p>Moulds, osmotolerant<\/p>\n<p>Salmonella (25 g)<\/p>\n<p>Escherichia Coli (1 g)<\/p>\n<p>Total Plate Count<\/p>\n<p>Mycotoxins<\/p>\n<p>Aflatoxin B1<\/p>\n<p>Aflatoxin B2<\/p>\n<p>Aflatoxin G1<\/p>\n<p>Aflatoxin G2<\/p>\n<p>&nbsp;<\/td>\n<td width=\"283\">&nbsp;<\/p>\n<p>\u2264 104 CFU\/g<\/p>\n<p>\u2264 104 CFU\/g<\/p>\n<p>Absent<\/p>\n<p>&lt; 103 CFU\/g<\/p>\n<p>&lt; 106 CFU\/g<\/p>\n<p>&nbsp;<\/p>\n<p>&lt; 1,0 \u03bcg\/kg<\/p>\n<p>&lt; 1,0 \u03bcg\/kg<\/p>\n<p>&lt; 1,0 \u03bcg\/kg<\/p>\n<p>&lt; 1,0 \u03bcg\/kg<\/p>\n<p>&nbsp;<\/td>\n<\/tr>\n<tr>\n<td width=\"283\">Pesticides:<\/td>\n<td width=\"283\">GCMS Not detected above limit of Quantitation<\/p>\n<p>&nbsp;<\/td>\n<\/tr>\n<tr>\n<td width=\"283\">Melamine:<\/td>\n<td width=\"283\">Absent<\/p>\n<p>&nbsp;<\/td>\n<\/tr>\n<tr>\n<td width=\"283\">Metal Detection:<\/td>\n<td width=\"283\">1,5 mm \u00d8 Ferrous; 1,8 mm \u00d8 Non Ferrous; 2,1 mm \u00d8 St. Steel<\/td>\n<\/tr>\n<tr>\n<td width=\"283\">Applications:<\/td>\n<td width=\"283\">Se utilizan en una variedad de postres, como helados, cremas, pasteles y otros productos de reposter\u00eda para darle un sabor aut\u00e9ntico y natural de vainilla. El caviar de vainilla tambi\u00e9n se puede a\u00f1adir a bebidas como el caf\u00e9 o c\u00f3cteles para un toque extra de sabor.<\/td>\n<\/tr>\n<tr>\n<td width=\"283\">Best By:<\/td>\n<td width=\"283\">Consume within the first year, once opened.<\/td>\n<\/tr>\n<tr>\n<td width=\"283\">Storage:<\/td>\n<td width=\"283\">Do not store for more than 2 years.<\/td>\n<\/tr>\n<tr>\n<td width=\"283\">Lote:<\/td>\n<td width=\"283\">MGL04300720226\/SD<\/td>\n<\/tr>\n<tr>\n<td width=\"283\">Recomendaciones de Almacenamiento:<\/td>\n<td width=\"283\">Store in a cool, dry place. Avoid exposure to sunlight and sudden temperature changes. Once opened, wrap the pods in kitchen paper to retain moisture and store in an airtight container.<\/td>\n<\/tr>\n<\/tbody>\n<\/table>\n<h3>Related Links<\/h3>\n<p><a href=\"https:\/\/lavainilla.es\/en\/2025\/01\/18\/vainilla-para-reposteria-y-heladeria-la-mejor-eleccion-para-profesionales\/\">Reposteria Heladeria Obradores<\/a><br \/>\n<a href=\"https:\/\/lavainilla.es\/en\/2025\/01\/27\/receta-de-bizcocho-de-vainilla-casero-un-clasico-que-nunca-falla\/\">Homemade Vanilla Cake Recipe: A Timeless Classic<\/a><br \/>\n<a href=\"https:\/\/lavainilla.es\/en\/product\/extracto-puro-de-vainilla-bourbon-de-madagascar\/\">Bourbon Vanilla Extract from Madagascar 50 ml<\/a><\/p>","protected":false},"excerpt":{"rendered":"<p>Small seeds found inside a vanilla bean<\/p>","protected":false},"featured_media":1036,"comment_status":"open","ping_status":"closed","template":"","meta":{"ocean_post_layout":"","ocean_both_sidebars_style":"","ocean_both_sidebars_content_width":0,"ocean_both_sidebars_sidebars_width":0,"ocean_sidebar":"0","ocean_second_sidebar":"0","ocean_disable_margins":"enable","ocean_add_body_class":"","ocean_shortcode_before_top_bar":"","ocean_shortcode_after_top_bar":"","ocean_shortcode_before_header":"","ocean_shortcode_after_header":"","ocean_has_shortcode":"","ocean_shortcode_after_title":"","ocean_shortcode_before_footer_widgets":"","ocean_shortcode_after_footer_widgets":"","ocean_shortcode_before_footer_bottom":"","ocean_shortcode_after_footer_bottom":"","ocean_display_top_bar":"default","ocean_display_header":"default","ocean_header_style":"","ocean_center_header_left_menu":"0","ocean_custom_header_template":"0","ocean_custom_logo":0,"ocean_custom_retina_logo":0,"ocean_custom_logo_max_width":0,"ocean_custom_logo_tablet_max_width":0,"ocean_custom_logo_mobile_max_width":0,"ocean_custom_logo_max_height":0,"ocean_custom_logo_tablet_max_height":0,"ocean_custom_logo_mobile_max_height":0,"ocean_header_custom_menu":"0","ocean_menu_typo_font_family":"0","ocean_menu_typo_font_subset":"","ocean_menu_typo_font_size":0,"ocean_menu_typo_font_size_tablet":0,"ocean_menu_typo_font_size_mobile":0,"ocean_menu_typo_font_size_unit":"px","ocean_menu_typo_font_weight":"","ocean_menu_typo_font_weight_tablet":"","ocean_menu_typo_font_weight_mobile":"","ocean_menu_typo_transform":"","ocean_menu_typo_transform_tablet":"","ocean_menu_typo_transform_mobile":"","ocean_menu_typo_line_height":0,"ocean_menu_typo_line_height_tablet":0,"ocean_menu_typo_line_height_mobile":0,"ocean_menu_typo_line_height_unit":"","ocean_menu_typo_spacing":0,"ocean_menu_typo_spacing_tablet":0,"ocean_menu_typo_spacing_mobile":0,"ocean_menu_typo_spacing_unit":"","ocean_menu_link_color":"","ocean_menu_link_color_hover":"","ocean_menu_link_color_active":"","ocean_menu_link_background":"","ocean_menu_link_hover_background":"","ocean_menu_link_active_background":"","ocean_menu_social_links_bg":"","ocean_menu_social_hover_links_bg":"","ocean_menu_social_links_color":"","ocean_menu_social_hover_links_color":"","ocean_disable_title":"default","ocean_disable_heading":"default","ocean_post_title":"","ocean_post_subheading":"","ocean_post_title_style":"","ocean_post_title_background_color":"","ocean_post_title_background":0,"ocean_post_title_bg_image_position":"","ocean_post_title_bg_image_attachment":"","ocean_post_title_bg_image_repeat":"","ocean_post_title_bg_image_size":"","ocean_post_title_height":0,"ocean_post_title_bg_overlay":0.5,"ocean_post_title_bg_overlay_color":"","ocean_disable_breadcrumbs":"default","ocean_breadcrumbs_color":"","ocean_breadcrumbs_separator_color":"","ocean_breadcrumbs_links_color":"","ocean_breadcrumbs_links_hover_color":"","ocean_display_footer_widgets":"default","ocean_display_footer_bottom":"default","ocean_custom_footer_template":"0"},"product_brand":[],"product_cat":[48,42],"product_tag":[46,47,45],"class_list":{"0":"post-910","1":"product","2":"type-product","3":"status-publish","4":"has-post-thumbnail","6":"product_cat-carviar-de-vainilla-madagascar","7":"product_cat-destacados","8":"product_tag-bourbon","9":"product_tag-madagascar","10":"product_tag-vainilla","12":"entry","13":"has-media","15":"first","16":"instock","17":"sale","18":"featured","19":"sold-individually","20":"taxable","21":"shipping-taxable","22":"purchasable","23":"product-type-variable","24":"has-product-nav","25":"col","26":"span_1_of_3","27":"owp-content-center","28":"owp-thumbs-layout-horizontal","29":"owp-btn-normal","30":"owp-tabs-layout-horizontal"},"yoast_head":"<!-- This site is optimized with the Yoast SEO plugin v27.4 - https:\/\/yoast.com\/product\/yoast-seo-wordpress\/ -->\n<title>Caviar Vainilla Bourbon Madagascar - La Vainilla<\/title>\n<meta name=\"description\" content=\"Caviar de Vainilla Bourbon de Madagascar 100% natural. Semillas puras de aroma intenso para alta reposter\u00eda y helader\u00eda profesional. \u00a1Eleva tus postres hoy! El caviar de vainilla se refiere a las peque\u00f1as semillas que se encuentran dentro de una vaina de vainilla. Estas semillas tienen un aspecto similar al del caviar, de ah\u00ed el nombre. Para obtener el caviar de vainilla, se corta la vaina de vainilla a lo largo y se raspan las semillas con la punta de un cuchillo. Estas semillas son muy apreciadas en la cocina por su intenso sabor y aroma, que es m\u00e1s concentrado que el de los extractos o esencias de vainilla. Se utilizan en una variedad de postres, como helados, cremas, pasteles y otros productos de reposter\u00eda para darle un sabor aut\u00e9ntico y natural de vainilla. El caviar de vainilla tambi\u00e9n se puede a\u00f1adir a bebidas como el caf\u00e9 o c\u00f3cteles para un toque extra de sabor. El mejor producto para Helader\u00eda , Reposter\u00eda y obradores .\" \/>\n<meta name=\"robots\" content=\"index, follow, max-snippet:-1, max-image-preview:large, max-video-preview:-1\" \/>\n<link rel=\"canonical\" href=\"https:\/\/lavainilla.es\/en\/product\/caviar-vainilla-bourbon-madagascar\/\" \/>\n<meta property=\"og:locale\" content=\"en_GB\" \/>\n<meta property=\"og:type\" content=\"article\" \/>\n<meta property=\"og:title\" content=\"Caviar Vainilla Bourbon Madagascar - La Vainilla\" \/>\n<meta property=\"og:description\" content=\"Caviar de Vainilla Bourbon de Madagascar 100% natural. Semillas puras de aroma intenso para alta reposter\u00eda y helader\u00eda profesional. \u00a1Eleva tus postres hoy! El caviar de vainilla se refiere a las peque\u00f1as semillas que se encuentran dentro de una vaina de vainilla. Estas semillas tienen un aspecto similar al del caviar, de ah\u00ed el nombre. Para obtener el caviar de vainilla, se corta la vaina de vainilla a lo largo y se raspan las semillas con la punta de un cuchillo. Estas semillas son muy apreciadas en la cocina por su intenso sabor y aroma, que es m\u00e1s concentrado que el de los extractos o esencias de vainilla. Se utilizan en una variedad de postres, como helados, cremas, pasteles y otros productos de reposter\u00eda para darle un sabor aut\u00e9ntico y natural de vainilla. El caviar de vainilla tambi\u00e9n se puede a\u00f1adir a bebidas como el caf\u00e9 o c\u00f3cteles para un toque extra de sabor. El mejor producto para Helader\u00eda , Reposter\u00eda y obradores .\" \/>\n<meta property=\"og:url\" content=\"https:\/\/lavainilla.es\/en\/product\/caviar-vainilla-bourbon-madagascar\/\" \/>\n<meta property=\"og:site_name\" content=\"La Vainilla\" \/>\n<meta property=\"article:modified_time\" content=\"2026-03-12T11:58:20+00:00\" \/>\n<meta property=\"og:image\" content=\"https:\/\/lavainilla.es\/wp-content\/uploads\/2024\/11\/caviarvainillamadagascar.png\" \/>\n\t<meta property=\"og:image:width\" content=\"1080\" \/>\n\t<meta property=\"og:image:height\" content=\"1080\" \/>\n\t<meta property=\"og:image:type\" content=\"image\/png\" \/>\n<meta name=\"twitter:card\" content=\"summary_large_image\" \/>\n<meta name=\"twitter:label1\" content=\"Estimated reading time\" \/>\n\t<meta name=\"twitter:data1\" content=\"2 minutes\" \/>\n<script type=\"application\/ld+json\" class=\"yoast-schema-graph\">{\"@context\":\"https:\\\/\\\/schema.org\",\"@graph\":[{\"@type\":\"WebPage\",\"@id\":\"https:\\\/\\\/lavainilla.es\\\/producto\\\/caviar-vainilla-bourbon-madagascar\\\/\",\"url\":\"https:\\\/\\\/lavainilla.es\\\/producto\\\/caviar-vainilla-bourbon-madagascar\\\/\",\"name\":\"Caviar Vainilla Bourbon Madagascar - La Vainilla\",\"isPartOf\":{\"@id\":\"https:\\\/\\\/lavainilla.es\\\/#website\"},\"primaryImageOfPage\":{\"@id\":\"https:\\\/\\\/lavainilla.es\\\/producto\\\/caviar-vainilla-bourbon-madagascar\\\/#primaryimage\"},\"image\":{\"@id\":\"https:\\\/\\\/lavainilla.es\\\/producto\\\/caviar-vainilla-bourbon-madagascar\\\/#primaryimage\"},\"thumbnailUrl\":\"https:\\\/\\\/lavainilla.es\\\/wp-content\\\/uploads\\\/2024\\\/11\\\/caviarvainillamadagascar.png\",\"datePublished\":\"2024-08-12T16:47:59+00:00\",\"dateModified\":\"2026-03-12T11:58:20+00:00\",\"description\":\"Caviar de Vainilla Bourbon de Madagascar 100% natural. Semillas puras de aroma intenso para alta reposter\u00eda y helader\u00eda profesional. \u00a1Eleva tus postres hoy! El caviar de vainilla se refiere a las peque\u00f1as semillas que se encuentran dentro de una vaina de vainilla. Estas semillas tienen un aspecto similar al del caviar, de ah\u00ed el nombre. Para obtener el caviar de vainilla, se corta la vaina de vainilla a lo largo y se raspan las semillas con la punta de un cuchillo. Estas semillas son muy apreciadas en la cocina por su intenso sabor y aroma, que es m\u00e1s concentrado que el de los extractos o esencias de vainilla. Se utilizan en una variedad de postres, como helados, cremas, pasteles y otros productos de reposter\u00eda para darle un sabor aut\u00e9ntico y natural de vainilla. El caviar de vainilla tambi\u00e9n se puede a\u00f1adir a bebidas como el caf\u00e9 o c\u00f3cteles para un toque extra de sabor. El mejor producto para Helader\u00eda , Reposter\u00eda y obradores .\",\"breadcrumb\":{\"@id\":\"https:\\\/\\\/lavainilla.es\\\/producto\\\/caviar-vainilla-bourbon-madagascar\\\/#breadcrumb\"},\"inLanguage\":\"en-GB\",\"potentialAction\":[{\"@type\":\"ReadAction\",\"target\":[\"https:\\\/\\\/lavainilla.es\\\/producto\\\/caviar-vainilla-bourbon-madagascar\\\/\"]}]},{\"@type\":\"ImageObject\",\"inLanguage\":\"en-GB\",\"@id\":\"https:\\\/\\\/lavainilla.es\\\/producto\\\/caviar-vainilla-bourbon-madagascar\\\/#primaryimage\",\"url\":\"https:\\\/\\\/lavainilla.es\\\/wp-content\\\/uploads\\\/2024\\\/11\\\/caviarvainillamadagascar.png\",\"contentUrl\":\"https:\\\/\\\/lavainilla.es\\\/wp-content\\\/uploads\\\/2024\\\/11\\\/caviarvainillamadagascar.png\",\"width\":1080,\"height\":1080},{\"@type\":\"BreadcrumbList\",\"@id\":\"https:\\\/\\\/lavainilla.es\\\/producto\\\/caviar-vainilla-bourbon-madagascar\\\/#breadcrumb\",\"itemListElement\":[{\"@type\":\"ListItem\",\"position\":1,\"name\":\"Portada\",\"item\":\"https:\\\/\\\/lavainilla.es\\\/\"},{\"@type\":\"ListItem\",\"position\":2,\"name\":\"Tienda\",\"item\":\"https:\\\/\\\/lavainilla.es\\\/tienda\\\/\"},{\"@type\":\"ListItem\",\"position\":3,\"name\":\"Caviar Vainilla Bourbon Madagascar\"}]},{\"@type\":\"WebSite\",\"@id\":\"https:\\\/\\\/lavainilla.es\\\/#website\",\"url\":\"https:\\\/\\\/lavainilla.es\\\/\",\"name\":\"La Vainilla\",\"description\":\"Bourbon de Calidad\",\"publisher\":{\"@id\":\"https:\\\/\\\/lavainilla.es\\\/#organization\"},\"potentialAction\":[{\"@type\":\"SearchAction\",\"target\":{\"@type\":\"EntryPoint\",\"urlTemplate\":\"https:\\\/\\\/lavainilla.es\\\/?s={search_term_string}\"},\"query-input\":{\"@type\":\"PropertyValueSpecification\",\"valueRequired\":true,\"valueName\":\"search_term_string\"}}],\"inLanguage\":\"en-GB\"},{\"@type\":\"Organization\",\"@id\":\"https:\\\/\\\/lavainilla.es\\\/#organization\",\"name\":\"La Vainilla\",\"url\":\"https:\\\/\\\/lavainilla.es\\\/\",\"logo\":{\"@type\":\"ImageObject\",\"inLanguage\":\"en-GB\",\"@id\":\"https:\\\/\\\/lavainilla.es\\\/#\\\/schema\\\/logo\\\/image\\\/\",\"url\":\"https:\\\/\\\/lavainilla.es\\\/wp-content\\\/uploads\\\/2023\\\/07\\\/logo-la-vainilla.png\",\"contentUrl\":\"https:\\\/\\\/lavainilla.es\\\/wp-content\\\/uploads\\\/2023\\\/07\\\/logo-la-vainilla.png\",\"width\":215,\"height\":109,\"caption\":\"La Vainilla\"},\"image\":{\"@id\":\"https:\\\/\\\/lavainilla.es\\\/#\\\/schema\\\/logo\\\/image\\\/\"},\"sameAs\":[\"https:\\\/\\\/www.instagram.com\\\/lavainilla.es\\\/\"]}]}<\/script>\n<!-- \/ Yoast SEO plugin. -->","yoast_head_json":{"title":"Caviar Vainilla Bourbon Madagascar - La Vainilla","description":"Caviar de Vainilla Bourbon de Madagascar 100% natural. Semillas puras de aroma intenso para alta reposter\u00eda y helader\u00eda profesional. \u00a1Eleva tus postres hoy! El caviar de vainilla se refiere a las peque\u00f1as semillas que se encuentran dentro de una vaina de vainilla. Estas semillas tienen un aspecto similar al del caviar, de ah\u00ed el nombre. Para obtener el caviar de vainilla, se corta la vaina de vainilla a lo largo y se raspan las semillas con la punta de un cuchillo. Estas semillas son muy apreciadas en la cocina por su intenso sabor y aroma, que es m\u00e1s concentrado que el de los extractos o esencias de vainilla. Se utilizan en una variedad de postres, como helados, cremas, pasteles y otros productos de reposter\u00eda para darle un sabor aut\u00e9ntico y natural de vainilla. El caviar de vainilla tambi\u00e9n se puede a\u00f1adir a bebidas como el caf\u00e9 o c\u00f3cteles para un toque extra de sabor. El mejor producto para Helader\u00eda , Reposter\u00eda y obradores .","robots":{"index":"index","follow":"follow","max-snippet":"max-snippet:-1","max-image-preview":"max-image-preview:large","max-video-preview":"max-video-preview:-1"},"canonical":"https:\/\/lavainilla.es\/en\/product\/caviar-vainilla-bourbon-madagascar\/","og_locale":"en_GB","og_type":"article","og_title":"Caviar Vainilla Bourbon Madagascar - La Vainilla","og_description":"Caviar de Vainilla Bourbon de Madagascar 100% natural. Semillas puras de aroma intenso para alta reposter\u00eda y helader\u00eda profesional. \u00a1Eleva tus postres hoy! El caviar de vainilla se refiere a las peque\u00f1as semillas que se encuentran dentro de una vaina de vainilla. Estas semillas tienen un aspecto similar al del caviar, de ah\u00ed el nombre. Para obtener el caviar de vainilla, se corta la vaina de vainilla a lo largo y se raspan las semillas con la punta de un cuchillo. Estas semillas son muy apreciadas en la cocina por su intenso sabor y aroma, que es m\u00e1s concentrado que el de los extractos o esencias de vainilla. Se utilizan en una variedad de postres, como helados, cremas, pasteles y otros productos de reposter\u00eda para darle un sabor aut\u00e9ntico y natural de vainilla. El caviar de vainilla tambi\u00e9n se puede a\u00f1adir a bebidas como el caf\u00e9 o c\u00f3cteles para un toque extra de sabor. El mejor producto para Helader\u00eda , Reposter\u00eda y obradores .","og_url":"https:\/\/lavainilla.es\/en\/product\/caviar-vainilla-bourbon-madagascar\/","og_site_name":"La Vainilla","article_modified_time":"2026-03-12T11:58:20+00:00","og_image":[{"width":1080,"height":1080,"url":"https:\/\/lavainilla.es\/wp-content\/uploads\/2024\/11\/caviarvainillamadagascar.png","type":"image\/png"}],"twitter_card":"summary_large_image","twitter_misc":{"Estimated reading time":"2 minutes"},"schema":{"@context":"https:\/\/schema.org","@graph":[{"@type":"WebPage","@id":"https:\/\/lavainilla.es\/producto\/caviar-vainilla-bourbon-madagascar\/","url":"https:\/\/lavainilla.es\/producto\/caviar-vainilla-bourbon-madagascar\/","name":"Caviar Vainilla Bourbon Madagascar - La Vainilla","isPartOf":{"@id":"https:\/\/lavainilla.es\/#website"},"primaryImageOfPage":{"@id":"https:\/\/lavainilla.es\/producto\/caviar-vainilla-bourbon-madagascar\/#primaryimage"},"image":{"@id":"https:\/\/lavainilla.es\/producto\/caviar-vainilla-bourbon-madagascar\/#primaryimage"},"thumbnailUrl":"https:\/\/lavainilla.es\/wp-content\/uploads\/2024\/11\/caviarvainillamadagascar.png","datePublished":"2024-08-12T16:47:59+00:00","dateModified":"2026-03-12T11:58:20+00:00","description":"Caviar de Vainilla Bourbon de Madagascar 100% natural. Semillas puras de aroma intenso para alta reposter\u00eda y helader\u00eda profesional. \u00a1Eleva tus postres hoy! El caviar de vainilla se refiere a las peque\u00f1as semillas que se encuentran dentro de una vaina de vainilla. Estas semillas tienen un aspecto similar al del caviar, de ah\u00ed el nombre. Para obtener el caviar de vainilla, se corta la vaina de vainilla a lo largo y se raspan las semillas con la punta de un cuchillo. Estas semillas son muy apreciadas en la cocina por su intenso sabor y aroma, que es m\u00e1s concentrado que el de los extractos o esencias de vainilla. Se utilizan en una variedad de postres, como helados, cremas, pasteles y otros productos de reposter\u00eda para darle un sabor aut\u00e9ntico y natural de vainilla. El caviar de vainilla tambi\u00e9n se puede a\u00f1adir a bebidas como el caf\u00e9 o c\u00f3cteles para un toque extra de sabor. El mejor producto para Helader\u00eda , Reposter\u00eda y obradores .","breadcrumb":{"@id":"https:\/\/lavainilla.es\/producto\/caviar-vainilla-bourbon-madagascar\/#breadcrumb"},"inLanguage":"en-GB","potentialAction":[{"@type":"ReadAction","target":["https:\/\/lavainilla.es\/producto\/caviar-vainilla-bourbon-madagascar\/"]}]},{"@type":"ImageObject","inLanguage":"en-GB","@id":"https:\/\/lavainilla.es\/producto\/caviar-vainilla-bourbon-madagascar\/#primaryimage","url":"https:\/\/lavainilla.es\/wp-content\/uploads\/2024\/11\/caviarvainillamadagascar.png","contentUrl":"https:\/\/lavainilla.es\/wp-content\/uploads\/2024\/11\/caviarvainillamadagascar.png","width":1080,"height":1080},{"@type":"BreadcrumbList","@id":"https:\/\/lavainilla.es\/producto\/caviar-vainilla-bourbon-madagascar\/#breadcrumb","itemListElement":[{"@type":"ListItem","position":1,"name":"Portada","item":"https:\/\/lavainilla.es\/"},{"@type":"ListItem","position":2,"name":"Tienda","item":"https:\/\/lavainilla.es\/tienda\/"},{"@type":"ListItem","position":3,"name":"Caviar Vainilla Bourbon Madagascar"}]},{"@type":"WebSite","@id":"https:\/\/lavainilla.es\/#website","url":"https:\/\/lavainilla.es\/","name":"La Vainilla","description":"Bourbon de Calidad","publisher":{"@id":"https:\/\/lavainilla.es\/#organization"},"potentialAction":[{"@type":"SearchAction","target":{"@type":"EntryPoint","urlTemplate":"https:\/\/lavainilla.es\/?s={search_term_string}"},"query-input":{"@type":"PropertyValueSpecification","valueRequired":true,"valueName":"search_term_string"}}],"inLanguage":"en-GB"},{"@type":"Organization","@id":"https:\/\/lavainilla.es\/#organization","name":"La Vainilla","url":"https:\/\/lavainilla.es\/","logo":{"@type":"ImageObject","inLanguage":"en-GB","@id":"https:\/\/lavainilla.es\/#\/schema\/logo\/image\/","url":"https:\/\/lavainilla.es\/wp-content\/uploads\/2023\/07\/logo-la-vainilla.png","contentUrl":"https:\/\/lavainilla.es\/wp-content\/uploads\/2023\/07\/logo-la-vainilla.png","width":215,"height":109,"caption":"La Vainilla"},"image":{"@id":"https:\/\/lavainilla.es\/#\/schema\/logo\/image\/"},"sameAs":["https:\/\/www.instagram.com\/lavainilla.es\/"]}]}},"_links":{"self":[{"href":"https:\/\/lavainilla.es\/en\/wp-json\/wp\/v2\/product\/910","targetHints":{"allow":["GET"]}}],"collection":[{"href":"https:\/\/lavainilla.es\/en\/wp-json\/wp\/v2\/product"}],"about":[{"href":"https:\/\/lavainilla.es\/en\/wp-json\/wp\/v2\/types\/product"}],"replies":[{"embeddable":true,"href":"https:\/\/lavainilla.es\/en\/wp-json\/wp\/v2\/comments?post=910"}],"wp:featuredmedia":[{"embeddable":true,"href":"https:\/\/lavainilla.es\/en\/wp-json\/wp\/v2\/media\/1036"}],"wp:attachment":[{"href":"https:\/\/lavainilla.es\/en\/wp-json\/wp\/v2\/media?parent=910"}],"wp:term":[{"taxonomy":"product_brand","embeddable":true,"href":"https:\/\/lavainilla.es\/en\/wp-json\/wp\/v2\/product_brand?post=910"},{"taxonomy":"product_cat","embeddable":true,"href":"https:\/\/lavainilla.es\/en\/wp-json\/wp\/v2\/product_cat?post=910"},{"taxonomy":"product_tag","embeddable":true,"href":"https:\/\/lavainilla.es\/en\/wp-json\/wp\/v2\/product_tag?post=910"}],"curies":[{"name":"wp","href":"https:\/\/api.w.org\/{rel}","templated":true}]}}