{"id":272,"date":"2023-08-13T18:26:52","date_gmt":"2023-08-13T16:26:52","guid":{"rendered":"https:\/\/lavainilla.es\/?post_type=product&#038;p=272"},"modified":"2026-03-11T11:59:41","modified_gmt":"2026-03-11T10:59:41","slug":"extracto-puro-de-vainilla-bourbon-de-madagascar","status":"publish","type":"product","link":"https:\/\/lavainilla.es\/en\/product\/extracto-puro-de-vainilla-bourbon-de-madagascar\/","title":{"rendered":"Bourbon Vanilla Extract from Madagascar 50 ml"},"content":{"rendered":"<h1> Pure Bourbon Vanilla Extract from Madagascar <\/h1>\n<h2> Eleva tus postres hoy <\/h2>\n<h3> Bote de 50 ml. Disponemos de formatos de 1L a 5L<\/p>\n<h3\/>\n<table>\n<tbody>\n<tr>\n<td width=\"283\">Description<\/td>\n<td width=\"283\">Top-quality food seasoning, 100% natural, used to flavor beverages, cakes, and desserts. The extract is obtained through a slow cold extraction process of more than 300 aromatic components found in vanilla pods. The extract's taste is delicate, sweet, and unmistakable. The bottle may contain seeds or fine sediments that come from the vanilla pods.<\/td>\n<\/tr>\n<tr>\n<td width=\"283\">Variety \/ Origin:<\/td>\n<td width=\"283\">Vanilla Pods, Bourbon Variety of Planifolia. Origin: Madagascar.<\/td>\n<\/tr>\n<tr>\n<td width=\"283\">Format \/ Net Weight:<\/td>\n<td width=\"283\">Glass Jar. 50ml.<\/td>\n<\/tr>\n<tr>\n<td width=\"283\">Quality:<\/td>\n<td width=\"283\">Grade B (Vanilla for Extract)<\/td>\n<\/tr>\n<tr>\n<td width=\"283\">Densidad (g\/ml) a 20\u00b0C<\/td>\n<td width=\"283\">0.931-0.951<\/td>\n<\/tr>\n<tr>\n<td width=\"283\">Contenido de Etanol<\/td>\n<td width=\"283\">35%<\/td>\n<\/tr>\n<tr>\n<td width=\"283\">Contenido de Az\u00facar<\/td>\n<td width=\"283\">4% max<\/td>\n<\/tr>\n<tr>\n<td width=\"283\">Punto de inflamaci\u00f3n \u00b0C (Botella cerrada)<\/td>\n<td width=\"283\">23<\/td>\n<\/tr>\n<tr>\n<td width=\"283\">Etiquetado seg\u00fan Regulaci\u00f3n (CE) N\u00b0 1334\/2008<\/td>\n<td width=\"283\">Natural Flavouring<\/td>\n<\/tr>\n<tr>\n<td width=\"283\">Individual Packaging<\/td>\n<td width=\"283\">Brown bottle with 50 ml. capacity, closed with an aluminum lid lined with a LDPE sealing and sealed with a perforated shrink sleeve.<\/td>\n<\/tr>\n<tr>\n<td width=\"283\">Informaci\u00f3n General<\/td>\n<td width=\"283\">The product does not endanger the life, health and safety, produces no negative impact on the environment and complies with rules and standards of production of natural extracts in the European Union.<\/td>\n<\/tr>\n<tr>\n<td width=\"283\">Storage:<\/td>\n<td width=\"283\">Store in a cool, dry place. Avoid exposure to sunlight and sudden temperature changes.<\/td>\n<\/tr>\n<tr>\n<td width=\"283\">Dosage Recommendation:<\/td>\n<td width=\"283\">Use \u00bd teaspoon of powder for every 1 of Extract.<\/td>\n<\/tr>\n<tr>\n<td width=\"283\">Ingredients:<\/p>\n<p>&nbsp;<\/td>\n<td width=\"283\">Vanilla Pod Extract* (Vanilla planifolia) (min. 3%), alcohol (min. 35%), unrefined brown sugar (max. 4%).<\/td>\n<\/tr>\n<\/tbody>\n<\/table>\n<h3>Related Links<\/h3>\n<p><em><a href=\"https:\/\/lavainilla.es\/en\/2025\/02\/24\/diferencia-entre-esencia-y-extracto-de-vainilla-todo-lo-que-debes-saber\/\">Difference Between Vanilla Essence and Vanilla Extract: Everything You Need to Know<\/a><\/em><br \/>\n<em><a href=\"https:\/\/lavainilla.es\/en\/2025\/01\/20\/la-vainilla-la-especia-mas-codiciada-y-como-identificar-fraudes\/\">Vanilla: The Most Coveted Spice and How to Spot Frauds<\/a><\/em><\/p>","protected":false},"excerpt":{"rendered":"<p>50 ml of Bourbon Vanilla Extract<\/p>","protected":false},"featured_media":359,"comment_status":"open","ping_status":"closed","template":"","meta":{"ocean_post_layout":"full-width","ocean_both_sidebars_style":"","ocean_both_sidebars_content_width":0,"ocean_both_sidebars_sidebars_width":0,"ocean_sidebar":"0","ocean_second_sidebar":"0","ocean_disable_margins":"enable","ocean_add_body_class":"","ocean_shortcode_before_top_bar":"","ocean_shortcode_after_top_bar":"","ocean_shortcode_before_header":"","ocean_shortcode_after_header":"","ocean_has_shortcode":"","ocean_shortcode_after_title":"","ocean_shortcode_before_footer_widgets":"","ocean_shortcode_after_footer_widgets":"","ocean_shortcode_before_footer_bottom":"","ocean_shortcode_after_footer_bottom":"","ocean_display_top_bar":"default","ocean_display_header":"default","ocean_header_style":"","ocean_center_header_left_menu":"0","ocean_custom_header_template":"0","ocean_custom_logo":0,"ocean_custom_retina_logo":0,"ocean_custom_logo_max_width":0,"ocean_custom_logo_tablet_max_width":0,"ocean_custom_logo_mobile_max_width":0,"ocean_custom_logo_max_height":0,"ocean_custom_logo_tablet_max_height":0,"ocean_custom_logo_mobile_max_height":0,"ocean_header_custom_menu":"0","ocean_menu_typo_font_family":"0","ocean_menu_typo_font_subset":"","ocean_menu_typo_font_size":0,"ocean_menu_typo_font_size_tablet":0,"ocean_menu_typo_font_size_mobile":0,"ocean_menu_typo_font_size_unit":"px","ocean_menu_typo_font_weight":"","ocean_menu_typo_font_weight_tablet":"","ocean_menu_typo_font_weight_mobile":"","ocean_menu_typo_transform":"","ocean_menu_typo_transform_tablet":"","ocean_menu_typo_transform_mobile":"","ocean_menu_typo_line_height":0,"ocean_menu_typo_line_height_tablet":0,"ocean_menu_typo_line_height_mobile":0,"ocean_menu_typo_line_height_unit":"","ocean_menu_typo_spacing":0,"ocean_menu_typo_spacing_tablet":0,"ocean_menu_typo_spacing_mobile":0,"ocean_menu_typo_spacing_unit":"","ocean_menu_link_color":"","ocean_menu_link_color_hover":"","ocean_menu_link_color_active":"","ocean_menu_link_background":"","ocean_menu_link_hover_background":"","ocean_menu_link_active_background":"","ocean_menu_social_links_bg":"","ocean_menu_social_hover_links_bg":"","ocean_menu_social_links_color":"","ocean_menu_social_hover_links_color":"","ocean_disable_title":"default","ocean_disable_heading":"default","ocean_post_title":"","ocean_post_subheading":"","ocean_post_title_style":"","ocean_post_title_background_color":"","ocean_post_title_background":0,"ocean_post_title_bg_image_position":"","ocean_post_title_bg_image_attachment":"","ocean_post_title_bg_image_repeat":"","ocean_post_title_bg_image_size":"","ocean_post_title_height":0,"ocean_post_title_bg_overlay":0.5,"ocean_post_title_bg_overlay_color":"","ocean_disable_breadcrumbs":"default","ocean_breadcrumbs_color":"","ocean_breadcrumbs_separator_color":"","ocean_breadcrumbs_links_color":"","ocean_breadcrumbs_links_hover_color":"","ocean_display_footer_widgets":"default","ocean_display_footer_bottom":"default","ocean_custom_footer_template":"0"},"product_brand":[],"product_cat":[42,19],"product_tag":[51,50,46,49,47,45],"class_list":{"0":"post-272","1":"product","2":"type-product","3":"status-publish","4":"has-post-thumbnail","6":"product_cat-destacados","7":"product_cat-extracto-de-vainilla","8":"product_tag-50ml","9":"product_tag-bote","10":"product_tag-bourbon","11":"product_tag-extracto","12":"product_tag-madagascar","13":"product_tag-vainilla","15":"entry","16":"has-media","18":"first","19":"instock","20":"taxable","21":"shipping-taxable","22":"purchasable","23":"product-type-simple","24":"has-product-nav","25":"col","26":"span_1_of_3","27":"owp-content-center","28":"owp-thumbs-layout-horizontal","29":"owp-btn-normal","30":"owp-tabs-layout-horizontal"},"yoast_head":"<!-- This site is optimized with the Yoast SEO plugin v27.3 - https:\/\/yoast.com\/product\/yoast-seo-wordpress\/ -->\n<title>Extracto de Vainilla Bourbon de Madagascar 50 ml - La Vainilla<\/title>\n<meta name=\"description\" content=\"Extracto Puro de Vainilla Bourbon de Madagascar en formato de 50 ml. Nuestro extracto de vainilla de calidad premium, directamente de Madagascar, a\u00f1adir\u00e1 un toque gourmet a tus recetas. Eleva tus platos con el mejor extracto de vainilla para una experiencia culinaria \u00fanica.\" \/>\n<meta name=\"robots\" content=\"index, follow, max-snippet:-1, max-image-preview:large, max-video-preview:-1\" \/>\n<link rel=\"canonical\" href=\"https:\/\/lavainilla.es\/en\/product\/extracto-puro-de-vainilla-bourbon-de-madagascar\/\" \/>\n<meta property=\"og:locale\" content=\"en_GB\" \/>\n<meta property=\"og:type\" content=\"article\" \/>\n<meta property=\"og:title\" content=\"Extracto de Vainilla Bourbon de Madagascar 50 ml - La Vainilla\" \/>\n<meta property=\"og:description\" content=\"Extracto Puro de Vainilla Bourbon de Madagascar en formato de 50 ml. Nuestro extracto de vainilla de calidad premium, directamente de Madagascar, a\u00f1adir\u00e1 un toque gourmet a tus recetas. Eleva tus platos con el mejor extracto de vainilla para una experiencia culinaria \u00fanica.\" \/>\n<meta property=\"og:url\" content=\"https:\/\/lavainilla.es\/en\/product\/extracto-puro-de-vainilla-bourbon-de-madagascar\/\" \/>\n<meta property=\"og:site_name\" content=\"La Vainilla\" \/>\n<meta property=\"article:modified_time\" content=\"2026-03-11T10:59:41+00:00\" \/>\n<meta property=\"og:image\" content=\"https:\/\/lavainilla.es\/wp-content\/uploads\/2023\/09\/Extracto-de-Vainilla-Bourbon-De-Madagascar-50-ml1.png\" \/>\n\t<meta property=\"og:image:width\" content=\"1080\" \/>\n\t<meta property=\"og:image:height\" content=\"1080\" \/>\n\t<meta property=\"og:image:type\" content=\"image\/png\" \/>\n<meta name=\"twitter:card\" content=\"summary_large_image\" \/>\n<meta name=\"twitter:label1\" content=\"Estimated reading time\" \/>\n\t<meta name=\"twitter:data1\" content=\"2 minutes\" \/>\n<script type=\"application\/ld+json\" class=\"yoast-schema-graph\">{\"@context\":\"https:\\\/\\\/schema.org\",\"@graph\":[{\"@type\":\"WebPage\",\"@id\":\"https:\\\/\\\/lavainilla.es\\\/producto\\\/extracto-puro-de-vainilla-bourbon-de-madagascar\\\/\",\"url\":\"https:\\\/\\\/lavainilla.es\\\/producto\\\/extracto-puro-de-vainilla-bourbon-de-madagascar\\\/\",\"name\":\"Extracto de Vainilla Bourbon de Madagascar 50 ml - La Vainilla\",\"isPartOf\":{\"@id\":\"https:\\\/\\\/lavainilla.es\\\/#website\"},\"primaryImageOfPage\":{\"@id\":\"https:\\\/\\\/lavainilla.es\\\/producto\\\/extracto-puro-de-vainilla-bourbon-de-madagascar\\\/#primaryimage\"},\"image\":{\"@id\":\"https:\\\/\\\/lavainilla.es\\\/producto\\\/extracto-puro-de-vainilla-bourbon-de-madagascar\\\/#primaryimage\"},\"thumbnailUrl\":\"https:\\\/\\\/lavainilla.es\\\/wp-content\\\/uploads\\\/2023\\\/09\\\/Extracto-de-Vainilla-Bourbon-De-Madagascar-50-ml1.png\",\"datePublished\":\"2023-08-13T16:26:52+00:00\",\"dateModified\":\"2026-03-11T10:59:41+00:00\",\"description\":\"Extracto Puro de Vainilla Bourbon de Madagascar en formato de 50 ml. Nuestro extracto de vainilla de calidad premium, directamente de Madagascar, a\u00f1adir\u00e1 un toque gourmet a tus recetas. Eleva tus platos con el mejor extracto de vainilla para una experiencia culinaria \u00fanica.\",\"breadcrumb\":{\"@id\":\"https:\\\/\\\/lavainilla.es\\\/producto\\\/extracto-puro-de-vainilla-bourbon-de-madagascar\\\/#breadcrumb\"},\"inLanguage\":\"en-GB\",\"potentialAction\":[{\"@type\":\"ReadAction\",\"target\":[\"https:\\\/\\\/lavainilla.es\\\/producto\\\/extracto-puro-de-vainilla-bourbon-de-madagascar\\\/\"]}]},{\"@type\":\"ImageObject\",\"inLanguage\":\"en-GB\",\"@id\":\"https:\\\/\\\/lavainilla.es\\\/producto\\\/extracto-puro-de-vainilla-bourbon-de-madagascar\\\/#primaryimage\",\"url\":\"https:\\\/\\\/lavainilla.es\\\/wp-content\\\/uploads\\\/2023\\\/09\\\/Extracto-de-Vainilla-Bourbon-De-Madagascar-50-ml1.png\",\"contentUrl\":\"https:\\\/\\\/lavainilla.es\\\/wp-content\\\/uploads\\\/2023\\\/09\\\/Extracto-de-Vainilla-Bourbon-De-Madagascar-50-ml1.png\",\"width\":1080,\"height\":1080},{\"@type\":\"BreadcrumbList\",\"@id\":\"https:\\\/\\\/lavainilla.es\\\/producto\\\/extracto-puro-de-vainilla-bourbon-de-madagascar\\\/#breadcrumb\",\"itemListElement\":[{\"@type\":\"ListItem\",\"position\":1,\"name\":\"Portada\",\"item\":\"https:\\\/\\\/lavainilla.es\\\/\"},{\"@type\":\"ListItem\",\"position\":2,\"name\":\"Tienda\",\"item\":\"https:\\\/\\\/lavainilla.es\\\/tienda\\\/\"},{\"@type\":\"ListItem\",\"position\":3,\"name\":\"Extracto de Vainilla Bourbon de Madagascar 50 ml\"}]},{\"@type\":\"WebSite\",\"@id\":\"https:\\\/\\\/lavainilla.es\\\/#website\",\"url\":\"https:\\\/\\\/lavainilla.es\\\/\",\"name\":\"La Vainilla\",\"description\":\"Bourbon de Calidad\",\"publisher\":{\"@id\":\"https:\\\/\\\/lavainilla.es\\\/#organization\"},\"potentialAction\":[{\"@type\":\"SearchAction\",\"target\":{\"@type\":\"EntryPoint\",\"urlTemplate\":\"https:\\\/\\\/lavainilla.es\\\/?s={search_term_string}\"},\"query-input\":{\"@type\":\"PropertyValueSpecification\",\"valueRequired\":true,\"valueName\":\"search_term_string\"}}],\"inLanguage\":\"en-GB\"},{\"@type\":\"Organization\",\"@id\":\"https:\\\/\\\/lavainilla.es\\\/#organization\",\"name\":\"La Vainilla\",\"url\":\"https:\\\/\\\/lavainilla.es\\\/\",\"logo\":{\"@type\":\"ImageObject\",\"inLanguage\":\"en-GB\",\"@id\":\"https:\\\/\\\/lavainilla.es\\\/#\\\/schema\\\/logo\\\/image\\\/\",\"url\":\"https:\\\/\\\/lavainilla.es\\\/wp-content\\\/uploads\\\/2023\\\/07\\\/logo-la-vainilla.png\",\"contentUrl\":\"https:\\\/\\\/lavainilla.es\\\/wp-content\\\/uploads\\\/2023\\\/07\\\/logo-la-vainilla.png\",\"width\":215,\"height\":109,\"caption\":\"La Vainilla\"},\"image\":{\"@id\":\"https:\\\/\\\/lavainilla.es\\\/#\\\/schema\\\/logo\\\/image\\\/\"},\"sameAs\":[\"https:\\\/\\\/www.instagram.com\\\/lavainilla.es\\\/\"]}]}<\/script>\n<!-- \/ Yoast SEO plugin. -->","yoast_head_json":{"title":"Extracto de Vainilla Bourbon de Madagascar 50 ml - La Vainilla","description":"Extracto Puro de Vainilla Bourbon de Madagascar en formato de 50 ml. Nuestro extracto de vainilla de calidad premium, directamente de Madagascar, a\u00f1adir\u00e1 un toque gourmet a tus recetas. Eleva tus platos con el mejor extracto de vainilla para una experiencia culinaria \u00fanica.","robots":{"index":"index","follow":"follow","max-snippet":"max-snippet:-1","max-image-preview":"max-image-preview:large","max-video-preview":"max-video-preview:-1"},"canonical":"https:\/\/lavainilla.es\/en\/product\/extracto-puro-de-vainilla-bourbon-de-madagascar\/","og_locale":"en_GB","og_type":"article","og_title":"Extracto de Vainilla Bourbon de Madagascar 50 ml - La Vainilla","og_description":"Extracto Puro de Vainilla Bourbon de Madagascar en formato de 50 ml. Nuestro extracto de vainilla de calidad premium, directamente de Madagascar, a\u00f1adir\u00e1 un toque gourmet a tus recetas. Eleva tus platos con el mejor extracto de vainilla para una experiencia culinaria \u00fanica.","og_url":"https:\/\/lavainilla.es\/en\/product\/extracto-puro-de-vainilla-bourbon-de-madagascar\/","og_site_name":"La Vainilla","article_modified_time":"2026-03-11T10:59:41+00:00","og_image":[{"width":1080,"height":1080,"url":"https:\/\/lavainilla.es\/wp-content\/uploads\/2023\/09\/Extracto-de-Vainilla-Bourbon-De-Madagascar-50-ml1.png","type":"image\/png"}],"twitter_card":"summary_large_image","twitter_misc":{"Estimated reading time":"2 minutes"},"schema":{"@context":"https:\/\/schema.org","@graph":[{"@type":"WebPage","@id":"https:\/\/lavainilla.es\/producto\/extracto-puro-de-vainilla-bourbon-de-madagascar\/","url":"https:\/\/lavainilla.es\/producto\/extracto-puro-de-vainilla-bourbon-de-madagascar\/","name":"Extracto de Vainilla Bourbon de Madagascar 50 ml - La Vainilla","isPartOf":{"@id":"https:\/\/lavainilla.es\/#website"},"primaryImageOfPage":{"@id":"https:\/\/lavainilla.es\/producto\/extracto-puro-de-vainilla-bourbon-de-madagascar\/#primaryimage"},"image":{"@id":"https:\/\/lavainilla.es\/producto\/extracto-puro-de-vainilla-bourbon-de-madagascar\/#primaryimage"},"thumbnailUrl":"https:\/\/lavainilla.es\/wp-content\/uploads\/2023\/09\/Extracto-de-Vainilla-Bourbon-De-Madagascar-50-ml1.png","datePublished":"2023-08-13T16:26:52+00:00","dateModified":"2026-03-11T10:59:41+00:00","description":"Extracto Puro de Vainilla Bourbon de Madagascar en formato de 50 ml. Nuestro extracto de vainilla de calidad premium, directamente de Madagascar, a\u00f1adir\u00e1 un toque gourmet a tus recetas. Eleva tus platos con el mejor extracto de vainilla para una experiencia culinaria \u00fanica.","breadcrumb":{"@id":"https:\/\/lavainilla.es\/producto\/extracto-puro-de-vainilla-bourbon-de-madagascar\/#breadcrumb"},"inLanguage":"en-GB","potentialAction":[{"@type":"ReadAction","target":["https:\/\/lavainilla.es\/producto\/extracto-puro-de-vainilla-bourbon-de-madagascar\/"]}]},{"@type":"ImageObject","inLanguage":"en-GB","@id":"https:\/\/lavainilla.es\/producto\/extracto-puro-de-vainilla-bourbon-de-madagascar\/#primaryimage","url":"https:\/\/lavainilla.es\/wp-content\/uploads\/2023\/09\/Extracto-de-Vainilla-Bourbon-De-Madagascar-50-ml1.png","contentUrl":"https:\/\/lavainilla.es\/wp-content\/uploads\/2023\/09\/Extracto-de-Vainilla-Bourbon-De-Madagascar-50-ml1.png","width":1080,"height":1080},{"@type":"BreadcrumbList","@id":"https:\/\/lavainilla.es\/producto\/extracto-puro-de-vainilla-bourbon-de-madagascar\/#breadcrumb","itemListElement":[{"@type":"ListItem","position":1,"name":"Portada","item":"https:\/\/lavainilla.es\/"},{"@type":"ListItem","position":2,"name":"Tienda","item":"https:\/\/lavainilla.es\/tienda\/"},{"@type":"ListItem","position":3,"name":"Extracto de Vainilla Bourbon de Madagascar 50 ml"}]},{"@type":"WebSite","@id":"https:\/\/lavainilla.es\/#website","url":"https:\/\/lavainilla.es\/","name":"La Vainilla","description":"Bourbon de Calidad","publisher":{"@id":"https:\/\/lavainilla.es\/#organization"},"potentialAction":[{"@type":"SearchAction","target":{"@type":"EntryPoint","urlTemplate":"https:\/\/lavainilla.es\/?s={search_term_string}"},"query-input":{"@type":"PropertyValueSpecification","valueRequired":true,"valueName":"search_term_string"}}],"inLanguage":"en-GB"},{"@type":"Organization","@id":"https:\/\/lavainilla.es\/#organization","name":"La Vainilla","url":"https:\/\/lavainilla.es\/","logo":{"@type":"ImageObject","inLanguage":"en-GB","@id":"https:\/\/lavainilla.es\/#\/schema\/logo\/image\/","url":"https:\/\/lavainilla.es\/wp-content\/uploads\/2023\/07\/logo-la-vainilla.png","contentUrl":"https:\/\/lavainilla.es\/wp-content\/uploads\/2023\/07\/logo-la-vainilla.png","width":215,"height":109,"caption":"La Vainilla"},"image":{"@id":"https:\/\/lavainilla.es\/#\/schema\/logo\/image\/"},"sameAs":["https:\/\/www.instagram.com\/lavainilla.es\/"]}]}},"_links":{"self":[{"href":"https:\/\/lavainilla.es\/en\/wp-json\/wp\/v2\/product\/272","targetHints":{"allow":["GET"]}}],"collection":[{"href":"https:\/\/lavainilla.es\/en\/wp-json\/wp\/v2\/product"}],"about":[{"href":"https:\/\/lavainilla.es\/en\/wp-json\/wp\/v2\/types\/product"}],"replies":[{"embeddable":true,"href":"https:\/\/lavainilla.es\/en\/wp-json\/wp\/v2\/comments?post=272"}],"wp:featuredmedia":[{"embeddable":true,"href":"https:\/\/lavainilla.es\/en\/wp-json\/wp\/v2\/media\/359"}],"wp:attachment":[{"href":"https:\/\/lavainilla.es\/en\/wp-json\/wp\/v2\/media?parent=272"}],"wp:term":[{"taxonomy":"product_brand","embeddable":true,"href":"https:\/\/lavainilla.es\/en\/wp-json\/wp\/v2\/product_brand?post=272"},{"taxonomy":"product_cat","embeddable":true,"href":"https:\/\/lavainilla.es\/en\/wp-json\/wp\/v2\/product_cat?post=272"},{"taxonomy":"product_tag","embeddable":true,"href":"https:\/\/lavainilla.es\/en\/wp-json\/wp\/v2\/product_tag?post=272"}],"curies":[{"name":"wp","href":"https:\/\/api.w.org\/{rel}","templated":true}]}}