{"id":239,"date":"2023-08-09T21:37:37","date_gmt":"2023-08-09T19:37:37","guid":{"rendered":"https:\/\/lavainilla.es\/?post_type=product&#038;p=239"},"modified":"2025-12-21T16:35:03","modified_gmt":"2025-12-21T15:35:03","slug":"20-gramos-de-vainilla-molida","status":"publish","type":"product","link":"https:\/\/lavainilla.es\/en\/product\/20-gramos-de-vainilla-molida\/","title":{"rendered":"Vanilla Powder 20 gr (0.71 oz)"},"content":{"rendered":"<table>\n<tbody>\n<tr>\n<td width=\"283\">Description<\/td>\n<td width=\"283\">Vanilla pods dried and ground to attain their final powdered form.<\/td>\n<\/tr>\n<tr>\n<td width=\"283\">Variety \/ Origin:<\/td>\n<td width=\"283\">Gourmet vanilla beans with Ugandan origins<\/td>\n<\/tr>\n<tr>\n<td width=\"283\">Format \/ Net Weight:<\/td>\n<td width=\"283\">Zip Bag. 1 aluminum foil packet containing 20g of Ground Vanilla.<\/td>\n<\/tr>\n<tr>\n<td width=\"283\">Quality:<\/td>\n<td width=\"283\">Grade B (Vanilla for Extract)<\/td>\n<\/tr>\n<tr>\n<td width=\"283\">Moisture:<\/td>\n<td width=\"283\">4% to 6%<\/td>\n<\/tr>\n<tr>\n<td width=\"283\">Vanillin:<\/td>\n<td width=\"283\">1%+ (UV\/VIS M\u00e9todo)<\/td>\n<\/tr>\n<tr>\n<td colspan=\"2\" width=\"566\"><strong>Microbiological Determination<\/strong><\/td>\n<\/tr>\n<tr>\n<td width=\"283\">&nbsp;<\/p>\n<p>E. Coli<\/p>\n<p>Moulds, osmotolerant<\/p>\n<p>Salmonella (25 g)<\/p>\n<p>Escherichia Coli (1 g)<\/p>\n<p>Total Plate Count<\/p>\n<p>Mycotoxins<\/p>\n<p>Aflatoxin B1<\/p>\n<p>Aflatoxin B2<\/p>\n<p>Aflatoxin G1<\/p>\n<p>Aflatoxin G2<\/p>\n<p>&nbsp;<\/td>\n<td width=\"283\">&nbsp;<\/p>\n<p>\u2264 104 CFU\/g<\/p>\n<p>\u2264 104 CFU\/g<\/p>\n<p>Absent<\/p>\n<p>&lt; 103 CFU\/g<\/p>\n<p>&lt; 106 CFU\/g<\/p>\n<p>&nbsp;<\/p>\n<p>&lt; 1,0 \u03bcg\/kg<\/p>\n<p>&lt; 1,0 \u03bcg\/kg<\/p>\n<p>&lt; 1,0 \u03bcg\/kg<\/p>\n<p>&lt; 1,0 \u03bcg\/kg<\/p>\n<p>&nbsp;<\/td>\n<\/tr>\n<tr>\n<td width=\"283\">Pesticides<\/td>\n<td width=\"283\">GCMS Not detected above limit of Quantitation<\/p>\n<p>&nbsp;<\/td>\n<\/tr>\n<tr>\n<td width=\"283\">Melamine<\/td>\n<td width=\"283\">Absent<\/p>\n<p>&nbsp;<\/td>\n<\/tr>\n<tr>\n<td width=\"283\">Metal Detection<\/td>\n<td width=\"283\">1,5 mm \u00d8 Ferrous; 1,8 mm \u00d8 Non Ferrous; 2,1 mm \u00d8 St. Steel<\/td>\n<\/tr>\n<tr>\n<td width=\"283\">Applications:<\/td>\n<td width=\"283\">It's versatile, suitable for a wide range of sweet and savory dishes like baked goods, ice cream, and sauces. It adds an enchanting and intricate flavor to any of your creations.<\/td>\n<\/tr>\n<tr>\n<td width=\"283\">Best By:<\/td>\n<td width=\"283\">Consume within the first year, once opened.<\/td>\n<\/tr>\n<tr>\n<td width=\"283\">Storage:<\/td>\n<td width=\"283\">Do not store for more than 2 years.<\/td>\n<\/tr>\n<tr>\n<td width=\"283\">Dosage Recommendation:<\/td>\n<td width=\"283\">Use \u00bd teaspoon of powder for every 1 of Extract.<\/td>\n<\/tr>\n<tr>\n<td width=\"283\">Recomendaciones de Almacenamiento:<\/td>\n<td width=\"283\">Store in a cool, dry place. Avoid exposure to sunlight and sudden temperature changes. Once opened, wrap the pods in kitchen paper to retain moisture and store in an airtight container.<\/td>\n<\/tr>\n<\/tbody>\n<\/table>","protected":false},"excerpt":{"rendered":"<p>Bourbon Vanilla from Planifolia, Ground with 4-6% Moisture<\/p>","protected":false},"featured_media":377,"comment_status":"open","ping_status":"closed","template":"","meta":{"ocean_post_layout":"full-width","ocean_both_sidebars_style":"","ocean_both_sidebars_content_width":0,"ocean_both_sidebars_sidebars_width":0,"ocean_sidebar":"0","ocean_second_sidebar":"0","ocean_disable_margins":"enable","ocean_add_body_class":"","ocean_shortcode_before_top_bar":"","ocean_shortcode_after_top_bar":"","ocean_shortcode_before_header":"","ocean_shortcode_after_header":"","ocean_has_shortcode":"","ocean_shortcode_after_title":"","ocean_shortcode_before_footer_widgets":"","ocean_shortcode_after_footer_widgets":"","ocean_shortcode_before_footer_bottom":"","ocean_shortcode_after_footer_bottom":"","ocean_display_top_bar":"default","ocean_display_header":"default","ocean_header_style":"","ocean_center_header_left_menu":"0","ocean_custom_header_template":"0","ocean_custom_logo":0,"ocean_custom_retina_logo":0,"ocean_custom_logo_max_width":0,"ocean_custom_logo_tablet_max_width":0,"ocean_custom_logo_mobile_max_width":0,"ocean_custom_logo_max_height":0,"ocean_custom_logo_tablet_max_height":0,"ocean_custom_logo_mobile_max_height":0,"ocean_header_custom_menu":"0","ocean_menu_typo_font_family":"0","ocean_menu_typo_font_subset":"","ocean_menu_typo_font_size":0,"ocean_menu_typo_font_size_tablet":0,"ocean_menu_typo_font_size_mobile":0,"ocean_menu_typo_font_size_unit":"px","ocean_menu_typo_font_weight":"","ocean_menu_typo_font_weight_tablet":"","ocean_menu_typo_font_weight_mobile":"","ocean_menu_typo_transform":"","ocean_menu_typo_transform_tablet":"","ocean_menu_typo_transform_mobile":"","ocean_menu_typo_line_height":0,"ocean_menu_typo_line_height_tablet":0,"ocean_menu_typo_line_height_mobile":0,"ocean_menu_typo_line_height_unit":"","ocean_menu_typo_spacing":0,"ocean_menu_typo_spacing_tablet":0,"ocean_menu_typo_spacing_mobile":0,"ocean_menu_typo_spacing_unit":"","ocean_menu_link_color":"","ocean_menu_link_color_hover":"","ocean_menu_link_color_active":"","ocean_menu_link_background":"","ocean_menu_link_hover_background":"","ocean_menu_link_active_background":"","ocean_menu_social_links_bg":"","ocean_menu_social_hover_links_bg":"","ocean_menu_social_links_color":"","ocean_menu_social_hover_links_color":"","ocean_disable_title":"default","ocean_disable_heading":"default","ocean_post_title":"","ocean_post_subheading":"","ocean_post_title_style":"","ocean_post_title_background_color":"","ocean_post_title_background":0,"ocean_post_title_bg_image_position":"","ocean_post_title_bg_image_attachment":"","ocean_post_title_bg_image_repeat":"","ocean_post_title_bg_image_size":"","ocean_post_title_height":0,"ocean_post_title_bg_overlay":0.5,"ocean_post_title_bg_overlay_color":"","ocean_disable_breadcrumbs":"default","ocean_breadcrumbs_color":"","ocean_breadcrumbs_separator_color":"","ocean_breadcrumbs_links_color":"","ocean_breadcrumbs_links_hover_color":"","ocean_display_footer_widgets":"default","ocean_display_footer_bottom":"default","ocean_custom_footer_template":"0"},"product_brand":[],"product_cat":[42,22,18],"product_tag":[46,55,54,56,57,45],"class_list":{"0":"post-239","1":"product","2":"type-product","3":"status-publish","4":"has-post-thumbnail","6":"product_cat-destacados","7":"product_cat-para-particulares-vainilla-molida","8":"product_cat-vainilla-molida","9":"product_tag-bourbon","10":"product_tag-en-polvo","11":"product_tag-gourmet","12":"product_tag-molida","13":"product_tag-natural","14":"product_tag-vainilla","16":"entry","17":"has-media","19":"first","20":"instock","21":"taxable","22":"shipping-taxable","23":"purchasable","24":"product-type-simple","25":"has-product-nav","26":"col","27":"span_1_of_3","28":"owp-content-center","29":"owp-thumbs-layout-horizontal","30":"owp-btn-normal","31":"owp-tabs-layout-horizontal"},"yoast_head":"<!-- This site is optimized with the Yoast SEO plugin v27.3 - https:\/\/yoast.com\/product\/yoast-seo-wordpress\/ -->\n<title>Vainilla en Polvo (20 Gramos) - La Vainilla<\/title>\n<meta name=\"description\" content=\"Descubre la excelencia culinaria con nuestra Vainilla en Polvo Premium en presentaci\u00f3n de 20g. La elecci\u00f3n perfecta para chefs y amantes de la cocina que buscan la m\u00e1xima calidad. Potencia el sabor de tus creaciones con la intensidad y fragancia \u00fanica de nuestra vainilla en polvo. Transforma tus platos con este ingrediente esencial, garantizando una experiencia gourmet inigualable en cada bocado.\" \/>\n<meta name=\"robots\" content=\"index, follow, max-snippet:-1, max-image-preview:large, max-video-preview:-1\" \/>\n<link rel=\"canonical\" href=\"https:\/\/lavainilla.es\/en\/product\/20-gramos-de-vainilla-molida\/\" \/>\n<meta property=\"og:locale\" content=\"en_GB\" \/>\n<meta property=\"og:type\" content=\"article\" \/>\n<meta property=\"og:title\" content=\"Vainilla en Polvo (20 Gramos) - La Vainilla\" \/>\n<meta property=\"og:description\" content=\"Descubre la excelencia culinaria con nuestra Vainilla en Polvo Premium en presentaci\u00f3n de 20g. La elecci\u00f3n perfecta para chefs y amantes de la cocina que buscan la m\u00e1xima calidad. Potencia el sabor de tus creaciones con la intensidad y fragancia \u00fanica de nuestra vainilla en polvo. Transforma tus platos con este ingrediente esencial, garantizando una experiencia gourmet inigualable en cada bocado.\" \/>\n<meta property=\"og:url\" content=\"https:\/\/lavainilla.es\/en\/product\/20-gramos-de-vainilla-molida\/\" \/>\n<meta property=\"og:site_name\" content=\"La Vainilla\" \/>\n<meta property=\"article:modified_time\" content=\"2025-12-21T15:35:03+00:00\" \/>\n<meta property=\"og:image\" content=\"https:\/\/lavainilla.es\/wp-content\/uploads\/2023\/09\/Vainilla-en-Polvo-20-Gramos1-scaled.jpg\" \/>\n\t<meta property=\"og:image:width\" content=\"2560\" \/>\n\t<meta property=\"og:image:height\" content=\"2560\" \/>\n\t<meta property=\"og:image:type\" content=\"image\/jpeg\" \/>\n<meta name=\"twitter:card\" content=\"summary_large_image\" \/>\n<meta name=\"twitter:label1\" content=\"Estimated reading time\" \/>\n\t<meta name=\"twitter:data1\" content=\"2 minutes\" \/>\n<script type=\"application\/ld+json\" class=\"yoast-schema-graph\">{\"@context\":\"https:\\\/\\\/schema.org\",\"@graph\":[{\"@type\":\"WebPage\",\"@id\":\"https:\\\/\\\/lavainilla.es\\\/producto\\\/20-gramos-de-vainilla-molida\\\/\",\"url\":\"https:\\\/\\\/lavainilla.es\\\/producto\\\/20-gramos-de-vainilla-molida\\\/\",\"name\":\"Vainilla en Polvo (20 Gramos) - La Vainilla\",\"isPartOf\":{\"@id\":\"https:\\\/\\\/lavainilla.es\\\/#website\"},\"primaryImageOfPage\":{\"@id\":\"https:\\\/\\\/lavainilla.es\\\/producto\\\/20-gramos-de-vainilla-molida\\\/#primaryimage\"},\"image\":{\"@id\":\"https:\\\/\\\/lavainilla.es\\\/producto\\\/20-gramos-de-vainilla-molida\\\/#primaryimage\"},\"thumbnailUrl\":\"https:\\\/\\\/lavainilla.es\\\/wp-content\\\/uploads\\\/2023\\\/09\\\/Vainilla-en-Polvo-20-Gramos1-scaled.jpg\",\"datePublished\":\"2023-08-09T19:37:37+00:00\",\"dateModified\":\"2025-12-21T15:35:03+00:00\",\"description\":\"Descubre la excelencia culinaria con nuestra Vainilla en Polvo Premium en presentaci\u00f3n de 20g. La elecci\u00f3n perfecta para chefs y amantes de la cocina que buscan la m\u00e1xima calidad. Potencia el sabor de tus creaciones con la intensidad y fragancia \u00fanica de nuestra vainilla en polvo. Transforma tus platos con este ingrediente esencial, garantizando una experiencia gourmet inigualable en cada bocado.\",\"breadcrumb\":{\"@id\":\"https:\\\/\\\/lavainilla.es\\\/producto\\\/20-gramos-de-vainilla-molida\\\/#breadcrumb\"},\"inLanguage\":\"en-GB\",\"potentialAction\":[{\"@type\":\"ReadAction\",\"target\":[\"https:\\\/\\\/lavainilla.es\\\/producto\\\/20-gramos-de-vainilla-molida\\\/\"]}]},{\"@type\":\"ImageObject\",\"inLanguage\":\"en-GB\",\"@id\":\"https:\\\/\\\/lavainilla.es\\\/producto\\\/20-gramos-de-vainilla-molida\\\/#primaryimage\",\"url\":\"https:\\\/\\\/lavainilla.es\\\/wp-content\\\/uploads\\\/2023\\\/09\\\/Vainilla-en-Polvo-20-Gramos1-scaled.jpg\",\"contentUrl\":\"https:\\\/\\\/lavainilla.es\\\/wp-content\\\/uploads\\\/2023\\\/09\\\/Vainilla-en-Polvo-20-Gramos1-scaled.jpg\",\"width\":2560,\"height\":2560},{\"@type\":\"BreadcrumbList\",\"@id\":\"https:\\\/\\\/lavainilla.es\\\/producto\\\/20-gramos-de-vainilla-molida\\\/#breadcrumb\",\"itemListElement\":[{\"@type\":\"ListItem\",\"position\":1,\"name\":\"Portada\",\"item\":\"https:\\\/\\\/lavainilla.es\\\/\"},{\"@type\":\"ListItem\",\"position\":2,\"name\":\"Tienda\",\"item\":\"https:\\\/\\\/lavainilla.es\\\/tienda\\\/\"},{\"@type\":\"ListItem\",\"position\":3,\"name\":\"Vainilla en Polvo (20 Gramos)\"}]},{\"@type\":\"WebSite\",\"@id\":\"https:\\\/\\\/lavainilla.es\\\/#website\",\"url\":\"https:\\\/\\\/lavainilla.es\\\/\",\"name\":\"La Vainilla\",\"description\":\"Bourbon de Calidad\",\"publisher\":{\"@id\":\"https:\\\/\\\/lavainilla.es\\\/#organization\"},\"potentialAction\":[{\"@type\":\"SearchAction\",\"target\":{\"@type\":\"EntryPoint\",\"urlTemplate\":\"https:\\\/\\\/lavainilla.es\\\/?s={search_term_string}\"},\"query-input\":{\"@type\":\"PropertyValueSpecification\",\"valueRequired\":true,\"valueName\":\"search_term_string\"}}],\"inLanguage\":\"en-GB\"},{\"@type\":\"Organization\",\"@id\":\"https:\\\/\\\/lavainilla.es\\\/#organization\",\"name\":\"La Vainilla\",\"url\":\"https:\\\/\\\/lavainilla.es\\\/\",\"logo\":{\"@type\":\"ImageObject\",\"inLanguage\":\"en-GB\",\"@id\":\"https:\\\/\\\/lavainilla.es\\\/#\\\/schema\\\/logo\\\/image\\\/\",\"url\":\"https:\\\/\\\/lavainilla.es\\\/wp-content\\\/uploads\\\/2023\\\/07\\\/logo-la-vainilla.png\",\"contentUrl\":\"https:\\\/\\\/lavainilla.es\\\/wp-content\\\/uploads\\\/2023\\\/07\\\/logo-la-vainilla.png\",\"width\":215,\"height\":109,\"caption\":\"La Vainilla\"},\"image\":{\"@id\":\"https:\\\/\\\/lavainilla.es\\\/#\\\/schema\\\/logo\\\/image\\\/\"},\"sameAs\":[\"https:\\\/\\\/www.instagram.com\\\/lavainilla.es\\\/\"]}]}<\/script>\n<!-- \/ Yoast SEO plugin. -->","yoast_head_json":{"title":"Vainilla en Polvo (20 Gramos) - La Vainilla","description":"Descubre la excelencia culinaria con nuestra Vainilla en Polvo Premium en presentaci\u00f3n de 20g. La elecci\u00f3n perfecta para chefs y amantes de la cocina que buscan la m\u00e1xima calidad. Potencia el sabor de tus creaciones con la intensidad y fragancia \u00fanica de nuestra vainilla en polvo. Transforma tus platos con este ingrediente esencial, garantizando una experiencia gourmet inigualable en cada bocado.","robots":{"index":"index","follow":"follow","max-snippet":"max-snippet:-1","max-image-preview":"max-image-preview:large","max-video-preview":"max-video-preview:-1"},"canonical":"https:\/\/lavainilla.es\/en\/product\/20-gramos-de-vainilla-molida\/","og_locale":"en_GB","og_type":"article","og_title":"Vainilla en Polvo (20 Gramos) - La Vainilla","og_description":"Descubre la excelencia culinaria con nuestra Vainilla en Polvo Premium en presentaci\u00f3n de 20g. La elecci\u00f3n perfecta para chefs y amantes de la cocina que buscan la m\u00e1xima calidad. Potencia el sabor de tus creaciones con la intensidad y fragancia \u00fanica de nuestra vainilla en polvo. Transforma tus platos con este ingrediente esencial, garantizando una experiencia gourmet inigualable en cada bocado.","og_url":"https:\/\/lavainilla.es\/en\/product\/20-gramos-de-vainilla-molida\/","og_site_name":"La Vainilla","article_modified_time":"2025-12-21T15:35:03+00:00","og_image":[{"width":2560,"height":2560,"url":"https:\/\/lavainilla.es\/wp-content\/uploads\/2023\/09\/Vainilla-en-Polvo-20-Gramos1-scaled.jpg","type":"image\/jpeg"}],"twitter_card":"summary_large_image","twitter_misc":{"Estimated reading time":"2 minutes"},"schema":{"@context":"https:\/\/schema.org","@graph":[{"@type":"WebPage","@id":"https:\/\/lavainilla.es\/producto\/20-gramos-de-vainilla-molida\/","url":"https:\/\/lavainilla.es\/producto\/20-gramos-de-vainilla-molida\/","name":"Vainilla en Polvo (20 Gramos) - La Vainilla","isPartOf":{"@id":"https:\/\/lavainilla.es\/#website"},"primaryImageOfPage":{"@id":"https:\/\/lavainilla.es\/producto\/20-gramos-de-vainilla-molida\/#primaryimage"},"image":{"@id":"https:\/\/lavainilla.es\/producto\/20-gramos-de-vainilla-molida\/#primaryimage"},"thumbnailUrl":"https:\/\/lavainilla.es\/wp-content\/uploads\/2023\/09\/Vainilla-en-Polvo-20-Gramos1-scaled.jpg","datePublished":"2023-08-09T19:37:37+00:00","dateModified":"2025-12-21T15:35:03+00:00","description":"Descubre la excelencia culinaria con nuestra Vainilla en Polvo Premium en presentaci\u00f3n de 20g. La elecci\u00f3n perfecta para chefs y amantes de la cocina que buscan la m\u00e1xima calidad. Potencia el sabor de tus creaciones con la intensidad y fragancia \u00fanica de nuestra vainilla en polvo. Transforma tus platos con este ingrediente esencial, garantizando una experiencia gourmet inigualable en cada bocado.","breadcrumb":{"@id":"https:\/\/lavainilla.es\/producto\/20-gramos-de-vainilla-molida\/#breadcrumb"},"inLanguage":"en-GB","potentialAction":[{"@type":"ReadAction","target":["https:\/\/lavainilla.es\/producto\/20-gramos-de-vainilla-molida\/"]}]},{"@type":"ImageObject","inLanguage":"en-GB","@id":"https:\/\/lavainilla.es\/producto\/20-gramos-de-vainilla-molida\/#primaryimage","url":"https:\/\/lavainilla.es\/wp-content\/uploads\/2023\/09\/Vainilla-en-Polvo-20-Gramos1-scaled.jpg","contentUrl":"https:\/\/lavainilla.es\/wp-content\/uploads\/2023\/09\/Vainilla-en-Polvo-20-Gramos1-scaled.jpg","width":2560,"height":2560},{"@type":"BreadcrumbList","@id":"https:\/\/lavainilla.es\/producto\/20-gramos-de-vainilla-molida\/#breadcrumb","itemListElement":[{"@type":"ListItem","position":1,"name":"Portada","item":"https:\/\/lavainilla.es\/"},{"@type":"ListItem","position":2,"name":"Tienda","item":"https:\/\/lavainilla.es\/tienda\/"},{"@type":"ListItem","position":3,"name":"Vainilla en Polvo (20 Gramos)"}]},{"@type":"WebSite","@id":"https:\/\/lavainilla.es\/#website","url":"https:\/\/lavainilla.es\/","name":"La Vainilla","description":"Bourbon de Calidad","publisher":{"@id":"https:\/\/lavainilla.es\/#organization"},"potentialAction":[{"@type":"SearchAction","target":{"@type":"EntryPoint","urlTemplate":"https:\/\/lavainilla.es\/?s={search_term_string}"},"query-input":{"@type":"PropertyValueSpecification","valueRequired":true,"valueName":"search_term_string"}}],"inLanguage":"en-GB"},{"@type":"Organization","@id":"https:\/\/lavainilla.es\/#organization","name":"La Vainilla","url":"https:\/\/lavainilla.es\/","logo":{"@type":"ImageObject","inLanguage":"en-GB","@id":"https:\/\/lavainilla.es\/#\/schema\/logo\/image\/","url":"https:\/\/lavainilla.es\/wp-content\/uploads\/2023\/07\/logo-la-vainilla.png","contentUrl":"https:\/\/lavainilla.es\/wp-content\/uploads\/2023\/07\/logo-la-vainilla.png","width":215,"height":109,"caption":"La Vainilla"},"image":{"@id":"https:\/\/lavainilla.es\/#\/schema\/logo\/image\/"},"sameAs":["https:\/\/www.instagram.com\/lavainilla.es\/"]}]}},"_links":{"self":[{"href":"https:\/\/lavainilla.es\/en\/wp-json\/wp\/v2\/product\/239","targetHints":{"allow":["GET"]}}],"collection":[{"href":"https:\/\/lavainilla.es\/en\/wp-json\/wp\/v2\/product"}],"about":[{"href":"https:\/\/lavainilla.es\/en\/wp-json\/wp\/v2\/types\/product"}],"replies":[{"embeddable":true,"href":"https:\/\/lavainilla.es\/en\/wp-json\/wp\/v2\/comments?post=239"}],"wp:featuredmedia":[{"embeddable":true,"href":"https:\/\/lavainilla.es\/en\/wp-json\/wp\/v2\/media\/377"}],"wp:attachment":[{"href":"https:\/\/lavainilla.es\/en\/wp-json\/wp\/v2\/media?parent=239"}],"wp:term":[{"taxonomy":"product_brand","embeddable":true,"href":"https:\/\/lavainilla.es\/en\/wp-json\/wp\/v2\/product_brand?post=239"},{"taxonomy":"product_cat","embeddable":true,"href":"https:\/\/lavainilla.es\/en\/wp-json\/wp\/v2\/product_cat?post=239"},{"taxonomy":"product_tag","embeddable":true,"href":"https:\/\/lavainilla.es\/en\/wp-json\/wp\/v2\/product_tag?post=239"}],"curies":[{"name":"wp","href":"https:\/\/api.w.org\/{rel}","templated":true}]}}